{"id":1608,"date":"2020-08-11T09:38:37","date_gmt":"2020-08-11T09:38:37","guid":{"rendered":"http:\/\/nifty.bold-themes.com\/main-demo\/?page_id=1608"},"modified":"2023-02-23T09:38:32","modified_gmt":"2023-02-23T09:38:32","slug":"testimonials-2","status":"publish","type":"page","link":"https:\/\/dentaltourguide.com\/en\/about\/testimonials-2\/","title":{"rendered":"Testimonials"},"content":{"rendered":"<div class=\"bt_bb_wrapper\"><section id=\"bt_bb_section69e102f05a725\" data-parallax=\"0.7\" data-parallax-offset=\"0\" class=\"bt_bb_section bt_bb_top_spacing_large bt_bb_bottom_spacing_large bt_bb_color_scheme_10 bt_bb_layout_boxed_1200 bt_bb_vertical_align_top bt_bb_background_image bt_bb_parallax bt_bb_background_overlay_alternate_gradient bt_bb_section_allow_content_outside\" style=\"background-image:url(&#039;https:\/\/dentaltourguide.com\/wp-content\/uploads\/2020\/10\/hero_about-1.jpg&#039;);\"><div class=\"bt_bb_port\"><div class=\"bt_bb_cell\"><div class=\"bt_bb_cell_inner\"><div class=\"bt_bb_row_wrapper\"><div  class=\"bt_bb_row\" ><div  class=\"bt_bb_column col-xl-3 bt_bb_align_left bt_bb_vertical_align_top bt_bb_padding_normal\"  data-width=\"3\" data-bt-override-class=\"{}\"><div class=\"bt_bb_column_content\"><div class=\"bt_bb_column_content_inner\"><\/div><\/div><\/div><div  class=\"bt_bb_column col-xl-6 bt_bb_align_center bt_bb_vertical_align_middle bt_bb_padding_normal bt_bb_animation_fade_in bt_bb_animation_zoom_out animate\"  data-width=\"6\" data-bt-override-class=\"{}\"><div class=\"bt_bb_column_content\"><div class=\"bt_bb_column_content_inner\"><div class=\"bt_bb_separator bt_bb_bottom_spacing_medium bt_bb_border_style_none bt_bb_border_color_none\"><\/div><header class=\"bt_bb_headline bt_bb_font_weight_bold bt_bb_dash_none bt_bb_size_extralarge bt_bb_supertitle_style_accent bt_bb_superheadline bt_bb_align_inherit\" data-bt-override-class=\"{}\"><h1 style=\"letter-spacing:-3px\" class=\"bt_bb_headline_tag\"><span class=\"bt_bb_headline_superheadline\">DentalTourGuide<\/span><span class=\"bt_bb_headline_content\"><span>T\u00e9moignages des patients<\/span><\/span><\/h1><\/header><div class=\"bt_bb_separator bt_bb_bottom_spacing_normal bt_bb_border_style_none bt_bb_border_color_none\"><\/div><\/div><\/div><\/div><div  class=\"bt_bb_column col-xl-3 bt_bb_align_left bt_bb_vertical_align_top bt_bb_padding_normal\"  data-width=\"3\" data-bt-override-class=\"{}\"><div class=\"bt_bb_column_content\"><div class=\"bt_bb_column_content_inner\"><\/div><\/div><\/div><\/div><\/div><\/div><\/div><\/div><\/section><section id=\"bt_bb_section69e102f05ab9e\"  class=\"bt_bb_section bt_bb_top_spacing_large bt_bb_bottom_spacing_large bt_bb_layout_boxed_1200 bt_bb_vertical_align_top bt_bb_section_with_top_coverage_image\" ><div class=\"bt_bb_port\"><div class=\"bt_bb_cell\"><div class=\"bt_bb_cell_inner\"><div class=\"bt_bb_row_wrapper\"><div  class=\"bt_bb_row\" ><div  class=\"bt_bb_column col-xl-6 bt_bb_align_left bt_bb_vertical_align_middle bt_bb_padding_normal bt_bb_animation_fade_in animate\"  data-width=\"6\" data-bt-override-class=\"{}\"><div class=\"bt_bb_column_content\"><div class=\"bt_bb_column_content_inner\"><div class=\"bt_bb_testimonial bt_bb_font_weight_semi-bold\"><div class=\"bt_bb_testimonial_text\"><span>J'ai pris la d\u00e9cision de venir faire mes soins dentaires en G\u00e9orgie pour 2 raisons. La premi\u00e8re est d'ordre \u00e9conomique, la seconde pour le professionnalisme. La clinique est impeccable, l'accueil est chaleureux et ils sont \u00e0 votre \u00e9coute. J'ai \u00e9t\u00e9 pris en charge par le docteur Natia qui parle le fran\u00e7ais couramment et qui a fait preuve d'une grande empathie. Elle est d'une douceur extr\u00eame et le travail qu'elle a fait sur ma dentition est tout simplement remarquable ainsi que le docteur Zura. Je ne peux que vous recommander cette clinique et tout son personnel.<\/span><\/div><div class=\"bt_bb_testimonial_text_box\"><div class=\"bt_bb_testimonial_left_box\"><span class=\"bt_bb_testimonial_name\">Jean Michel Charria<\/span><\/div><div class=\"bt_bb_testimonial_right_box\"><\/div><\/div><\/div><div class=\"bt_bb_separator bt_bb_bottom_spacing_medium bt_bb_border_style_none bt_bb_border_color_none bt_bb_hidden_md bt_bb_hidden_lg\"><\/div><\/div><\/div><\/div><div  class=\"bt_bb_column col-xl-6 bt_bb_align_right bt_bb_vertical_align_top bt_bb_padding_normal bt_bb_animation_fade_in animate\"  data-width=\"6\" data-bt-override-class=\"{}\"><div class=\"bt_bb_column_content\"><div class=\"bt_bb_column_content_inner\"><div class=\"bt_bb_image bt_bb_shape_square bt_bb_align_inherit bt_bb_hover_style_simple bt_bb_content_display_always bt_bb_content_align_middle\" data-bt-override-class=\"{&quot;bt_bb_align_&quot;:{&quot;current_class&quot;:&quot;bt_bb_align_inherit&quot;,&quot;xl&quot;:&quot;inherit&quot;}}\"><span><img width=\"867\" height=\"1300\" src=\"https:\/\/dentaltourguide.com\/wp-content\/uploads\/2021\/12\/pexels-photo-6897771.jpeg\" class=\"attachment-full size-full\" alt=\"https:\/\/dentaltourguide.com\/wp-content\/uploads\/2021\/12\/pexels-photo-6897771.jpeg\" data-full_image_src=\"https:\/\/dentaltourguide.com\/wp-content\/uploads\/2021\/12\/pexels-photo-6897771.jpeg\" title=\"pexels-photo-6897771\" srcset=\"https:\/\/dentaltourguide.com\/wp-content\/uploads\/2021\/12\/pexels-photo-6897771.jpeg 867w, https:\/\/dentaltourguide.com\/wp-content\/uploads\/2021\/12\/pexels-photo-6897771-640x960.jpeg 640w, https:\/\/dentaltourguide.com\/wp-content\/uploads\/2021\/12\/pexels-photo-6897771-768x1152.jpeg 768w, https:\/\/dentaltourguide.com\/wp-content\/uploads\/2021\/12\/pexels-photo-6897771-8x12.jpeg 8w, https:\/\/dentaltourguide.com\/wp-content\/uploads\/2021\/12\/pexels-photo-6897771-320x480.jpeg 320w, https:\/\/dentaltourguide.com\/wp-content\/uploads\/2021\/12\/pexels-photo-6897771-720x1080.jpeg 720w, https:\/\/dentaltourguide.com\/wp-content\/uploads\/2021\/12\/pexels-photo-6897771-360x540.jpeg 360w, https:\/\/dentaltourguide.com\/wp-content\/uploads\/2021\/12\/pexels-photo-6897771-600x900.jpeg 600w\" sizes=\"(max-width: 867px) 100vw, 867px\" \/><\/span><\/div><\/div><\/div><\/div><\/div><\/div><div class=\"bt_bb_row_wrapper\"><div  class=\"bt_bb_row\" ><div  class=\"bt_bb_column col-xl-12 bt_bb_align_left bt_bb_vertical_align_top bt_bb_padding_normal\"  data-width=\"12\" data-bt-override-class=\"{}\"><div class=\"bt_bb_column_content\"><div class=\"bt_bb_column_content_inner\"><div class=\"bt_bb_separator bt_bb_bottom_spacing_medium bt_bb_border_style_none bt_bb_border_color_none\"><\/div><\/div><\/div><\/div><\/div><\/div><div class=\"bt_bb_row_wrapper\"><div  class=\"bt_bb_row\" ><div  class=\"bt_bb_column col-xl-6 bt_bb_align_left bt_bb_vertical_align_top bt_bb_padding_normal bt_bb_animation_fade_in animate\"  data-width=\"6\" data-bt-override-class=\"{}\"><div class=\"bt_bb_column_content\"><div class=\"bt_bb_column_content_inner\"><div class=\"bt_bb_image bt_bb_shape_square bt_bb_align_inherit bt_bb_hover_style_simple bt_bb_content_display_always bt_bb_content_align_middle\" data-bt-override-class=\"{&quot;bt_bb_align_&quot;:{&quot;current_class&quot;:&quot;bt_bb_align_inherit&quot;,&quot;xl&quot;:&quot;inherit&quot;}}\"><span><img width=\"867\" height=\"1300\" src=\"https:\/\/dentaltourguide.com\/wp-content\/uploads\/2021\/12\/pexels-photo-6897771.jpeg\" class=\"attachment-full size-full\" alt=\"https:\/\/dentaltourguide.com\/wp-content\/uploads\/2021\/12\/pexels-photo-6897771.jpeg\" data-full_image_src=\"https:\/\/dentaltourguide.com\/wp-content\/uploads\/2021\/12\/pexels-photo-6897771.jpeg\" title=\"pexels-photo-6897771\" srcset=\"https:\/\/dentaltourguide.com\/wp-content\/uploads\/2021\/12\/pexels-photo-6897771.jpeg 867w, https:\/\/dentaltourguide.com\/wp-content\/uploads\/2021\/12\/pexels-photo-6897771-640x960.jpeg 640w, https:\/\/dentaltourguide.com\/wp-content\/uploads\/2021\/12\/pexels-photo-6897771-768x1152.jpeg 768w, https:\/\/dentaltourguide.com\/wp-content\/uploads\/2021\/12\/pexels-photo-6897771-8x12.jpeg 8w, https:\/\/dentaltourguide.com\/wp-content\/uploads\/2021\/12\/pexels-photo-6897771-320x480.jpeg 320w, https:\/\/dentaltourguide.com\/wp-content\/uploads\/2021\/12\/pexels-photo-6897771-720x1080.jpeg 720w, https:\/\/dentaltourguide.com\/wp-content\/uploads\/2021\/12\/pexels-photo-6897771-360x540.jpeg 360w, https:\/\/dentaltourguide.com\/wp-content\/uploads\/2021\/12\/pexels-photo-6897771-600x900.jpeg 600w\" sizes=\"(max-width: 867px) 100vw, 867px\" \/><\/span><\/div><div class=\"bt_bb_separator bt_bb_bottom_spacing_medium bt_bb_border_style_none bt_bb_border_color_none bt_bb_hidden_md bt_bb_hidden_lg\"><\/div><\/div><\/div><\/div><div  class=\"bt_bb_column col-xl-6 bt_bb_align_left bt_bb_vertical_align_middle bt_bb_padding_normal bt_bb_animation_fade_in animate\"  data-width=\"6\" data-bt-override-class=\"{}\"><div class=\"bt_bb_column_content\"><div class=\"bt_bb_column_content_inner\"><div class=\"bt_bb_testimonial bt_bb_font_weight_semi-bold\"><div class=\"bt_bb_testimonial_text\"><span>Cabinet tr\u00e8s moderne et d\u2019une grande propret\u00e9. Le Dr Mamucharashvili est tr\u00e8s professionnelle et prend le temps de tout expliquer. Tr\u00e8s pratique car elle parle couramment fran\u00e7ais et anglais .\r\nJe recommande vivement<\/span><\/div><div class=\"bt_bb_testimonial_text_box\"><div class=\"bt_bb_testimonial_left_box\"><span class=\"bt_bb_testimonial_name\">Jullian Hequet<\/span><\/div><div class=\"bt_bb_testimonial_right_box\"><\/div><\/div><\/div><\/div><\/div><\/div><\/div><\/div><\/div><\/div><\/div><div class=\"bt_bb_section_top_section_coverage_image\"><img src=\"https:\/\/dentaltourguide.com\/wp-content\/uploads\/2020\/10\/top_right_purple-1.png\" alt=\"bt_bb_section_top_section_coverage_image\" \/><\/div><\/section><section id=\"bt_bb_section69e102f05bccd\" data-parallax=\"0.7\" data-parallax-offset=\"0\" class=\"bt_bb_section bt_bb_top_spacing_large bt_bb_bottom_spacing_large bt_bb_color_scheme_2 bt_bb_layout_wide bt_bb_vertical_align_top bt_bb_background_image bt_bb_parallax bt_bb_section_with_top_coverage_image bt_bb_section_with_bottom_coverage_image\" style=\"background-image:url(&#039;https:\/\/dentaltourguide.com\/wp-content\/uploads\/2021\/12\/pexels-photo-6897771.jpeg&#039;);\"><div class=\"bt_bb_port\"><div class=\"bt_bb_cell\"><div class=\"bt_bb_cell_inner\"><div class=\"bt_bb_row_wrapper\"><div  class=\"bt_bb_row\" ><div  class=\"bt_bb_column col-xl-12 bt_bb_align_left bt_bb_vertical_align_top bt_bb_padding_normal\"  data-width=\"12\" data-bt-override-class=\"{}\"><div class=\"bt_bb_column_content\"><div class=\"bt_bb_column_content_inner\"><div class=\"bt_bb_floating_image bt_bb_floating_image_horizontal_position_center bt_bb_floating_image_vertical_position_middle bt_bb_floating_image_animation_delay_default bt_bb_floating_image_animation_duration_default bt_bb_floating_image_animation_style_ease_out\" style=\"left: 15em; z-index: 0; top: 20em;\" data-speed=\"1.0\" data-direction=\"\" ><div class=\"bt_bb_floating_image_image\" data-speed=\"1.0\" data-direction=\"\" ><div class=\"bt_bb_image\" data-bt-override-class=\"{}\"><span><img width=\"1610\" height=\"890\" src=\"https:\/\/dentaltourguide.com\/wp-content\/uploads\/2020\/10\/circle_floaters_03-1.png\" class=\"attachment-full size-full\" alt=\"https:\/\/dentaltourguide.com\/wp-content\/uploads\/2020\/10\/circle_floaters_03-1.png\" data-full_image_src=\"https:\/\/dentaltourguide.com\/wp-content\/uploads\/2020\/10\/circle_floaters_03-1.png\" title=\"circle_floaters_03\" srcset=\"https:\/\/dentaltourguide.com\/wp-content\/uploads\/2020\/10\/circle_floaters_03-1.png 1610w, https:\/\/dentaltourguide.com\/wp-content\/uploads\/2020\/10\/circle_floaters_03-1-640x354.png 640w, https:\/\/dentaltourguide.com\/wp-content\/uploads\/2020\/10\/circle_floaters_03-1-1280x708.png 1280w, https:\/\/dentaltourguide.com\/wp-content\/uploads\/2020\/10\/circle_floaters_03-1-768x425.png 768w, https:\/\/dentaltourguide.com\/wp-content\/uploads\/2020\/10\/circle_floaters_03-1-1536x849.png 1536w, https:\/\/dentaltourguide.com\/wp-content\/uploads\/2020\/10\/circle_floaters_03-1-320x177.png 320w, https:\/\/dentaltourguide.com\/wp-content\/uploads\/2020\/10\/circle_floaters_03-1-600x332.png 600w\" sizes=\"(max-width: 1610px) 100vw, 1610px\" \/><\/span><\/div><\/div><\/div><\/div><\/div><\/div><\/div><\/div><div class=\"bt_bb_row_wrapper bt_bb_row_width_boxed_1200 bt_bb_row_push_right\"><div  class=\"bt_bb_row\" ><div  class=\"bt_bb_column col-xl-9 bt_bb_align_left bt_bb_vertical_align_middle bt_bb_padding_normal bt_bb_animation_fade_in animate\"  data-width=\"9\" data-bt-override-class=\"{}\"><div class=\"bt_bb_column_content\"><div class=\"bt_bb_column_content_inner\"><div class=\"bt_bb_separator bt_bb_bottom_spacing_large bt_bb_border_style_none bt_bb_border_color_none bt_bb_hidden_xs bt_bb_hidden_ms\"><\/div><div class=\"bt_bb_testimonial bt_bb_text_size_medium bt_bb_font_weight_semi-bold bt_bb_quote_color_light bt_bb_quote_position_hide\"><div class=\"bt_bb_testimonial_text\"><span>''Un grand merci au cabinet dentaire Kalasi et tout sp\u00e9cialement \u00e0 Natia pour la prise en charge rapide, le professionnalisme et la comp\u00e9tence !\r\nTr\u00e8s satisfait, je recommande fortement !''<\/span><\/div><div class=\"bt_bb_testimonial_text_box\"><div class=\"bt_bb_testimonial_left_box\"><span class=\"bt_bb_testimonial_name\">Michele Regina<\/span><span class=\"bt_bb_testimonial_details\">Patient chez le dentiste Natia Mamucharashvili<\/span><\/div><div class=\"bt_bb_testimonial_right_box\"><\/div><\/div><\/div><div class=\"bt_bb_separator bt_bb_bottom_spacing_large bt_bb_border_style_none bt_bb_border_color_none bt_bb_hidden_xs bt_bb_hidden_ms\"><\/div><\/div><\/div><\/div><div  class=\"bt_bb_column col-xl-3 bt_bb_align_left bt_bb_vertical_align_top bt_bb_padding_normal\"  data-width=\"3\" data-bt-override-class=\"{}\"><div class=\"bt_bb_column_content\"><div class=\"bt_bb_column_content_inner\"><\/div><\/div><\/div><\/div><\/div><\/div><\/div><\/div><div class=\"bt_bb_section_top_section_coverage_image\"><img src=\"https:\/\/dentaltourguide.com\/wp-content\/uploads\/2020\/10\/top_middle_white-1.png\" alt=\"bt_bb_section_top_section_coverage_image\" \/><\/div><div class=\"bt_bb_section_bottom_section_coverage_image\"><img src=\"https:\/\/dentaltourguide.com\/wp-content\/uploads\/2020\/10\/bottom_middle_white-1.png\" alt=\"bt_bb_section_bottom_section_coverage_image\" \/><\/div><\/section><\/div>","protected":false},"excerpt":{"rendered":"","protected":false},"author":2,"featured_media":0,"parent":3507,"menu_order":0,"comment_status":"closed","ping_status":"closed","template":"","meta":{"om_disable_all_campaigns":false,"_mi_skip_tracking":false},"_links":{"self":[{"href":"https:\/\/dentaltourguide.com\/en\/wp-json\/wp\/v2\/pages\/1608"}],"collection":[{"href":"https:\/\/dentaltourguide.com\/en\/wp-json\/wp\/v2\/pages"}],"about":[{"href":"https:\/\/dentaltourguide.com\/en\/wp-json\/wp\/v2\/types\/page"}],"author":[{"embeddable":true,"href":"https:\/\/dentaltourguide.com\/en\/wp-json\/wp\/v2\/users\/2"}],"replies":[{"embeddable":true,"href":"https:\/\/dentaltourguide.com\/en\/wp-json\/wp\/v2\/comments?post=1608"}],"version-history":[{"count":12,"href":"https:\/\/dentaltourguide.com\/en\/wp-json\/wp\/v2\/pages\/1608\/revisions"}],"predecessor-version":[{"id":3819,"href":"https:\/\/dentaltourguide.com\/en\/wp-json\/wp\/v2\/pages\/1608\/revisions\/3819"}],"up":[{"embeddable":true,"href":"https:\/\/dentaltourguide.com\/en\/wp-json\/wp\/v2\/pages\/3507"}],"wp:attachment":[{"href":"https:\/\/dentaltourguide.com\/en\/wp-json\/wp\/v2\/media?parent=1608"}],"curies":[{"name":"wp","href":"https:\/\/api.w.org\/{rel}","templated":true}]}}